{"id":346,"date":"2025-06-06T15:14:36","date_gmt":"2025-06-06T15:14:36","guid":{"rendered":"http:\/\/wp.ops.pixel-robotics.eu\/?page_id=346"},"modified":"2025-07-01T12:03:31","modified_gmt":"2025-07-01T12:03:31","slug":"calculator","status":"publish","type":"page","link":"https:\/\/pixel-robotics.eu\/de\/calculator\/","title":{"rendered":"ROI-Rechner"},"content":{"rendered":"<div class=\"wp-block-stackable-heading stk-block-heading stk-block-heading--v2 stk-block stk-609dcbf stk-block-background\" id=\"artificial-intelligence-and-computer-vision-enable-new-revolutionary-solutions\" data-block-id=\"609dcbf\"><style>.stk-609dcbf {background-color:var(--theme-palette-color-8, #ffffff) !important;margin-top:-150px !important;margin-left:90px !important;}.stk-609dcbf:before{background-color:var(--theme-palette-color-8, #ffffff) !important;}.stk-609dcbf .stk-block-heading__text{font-size:45px !important;}@media screen and (max-width:999px){.stk-609dcbf .stk-block-heading__text{font-size:45px !important;}}<\/style><h2 class=\"stk-block-heading__text\">K\u00fcnstliche Intelligenz und Computer Vision erm\u00f6glichen neue, revolution\u00e4re L\u00f6sungen.<\/h2><\/div>\n\n\n\n<div class=\"wp-block-stackable-text stk-block-text stk-block stk-e7bd8fd\" data-block-id=\"e7bd8fd\"><p class=\"stk-block-text__text\">Berechnen Sie selbst, wie auch Ihr Unternehmen die Logistik durch autonome mobile Roboter automatisieren kann. In dieser Beispielkalkulation konzentrieren wir uns auf das Palettenhandling. Heutige manuell betriebene Flurf\u00f6rderzeuge k\u00f6nnen sukzessive durch den voll autonomen Transportroboter Pixel PT ersetzt werden. Das integrierte Flottenmanagement und die vielf\u00e4ltigen Optimierungsalgorithmen unterst\u00fctzen Anwendungen von mehreren hundert Fahrzeugen - Pixel PT Roboter, manuelle Fahrzeuge oder auch externe Roboter.<\/p><\/div>\n\n\n\n<div class=\"wp-block-stackable-heading stk-block-heading stk-block-heading--v2 stk-block stk-829a012\" id=\"calculate-possible-savings-with-the-calculator-below\" data-block-id=\"829a012\"><style>.stk-829a012 {margin-bottom:12px !important;}<\/style><h4 class=\"stk-block-heading__text\">Kalkulieren Sie m\u00f6gliche Einsparungen mit dem nachfolgenden Rechner.<\/h4><\/div>\n\n\n\n<div class=\"wp-block-stackable-text stk-block-text stk-block stk-9427718\" data-block-id=\"9427718\"><style>.stk-9427718 {margin-bottom:-20px !important;}<\/style><p class=\"stk-block-text__text\"><strong>Hinweis:&nbsp;<\/strong><em>Diese Berechnung soll einen ersten Anhaltspunkt geben. Es wird keine Gew\u00e4hrleistung \u00fcbernommen! In jedem Projekt sind die tats\u00e4chlichen Gegebenheiten im Detail zu pr\u00fcfen und zu kalkulieren.<\/em><\/p><\/div>\n\n\n\n<!DOCTYPE html>\n<html lang=\"en\">\n<head>\n    <meta charset=\"UTF-8\" \/>\n    <title>Warehouse ROI Calculator<\/title>\n    <link href=\"https:\/\/cdn.jsdelivr.net\/npm\/bootstrap@5.3.0\/dist\/css\/bootstrap.min.css\" rel=\"stylesheet\" \/>\n    <style>\n        .form-group {\n            margin-bottom: 20px;\n        }\n        .input-group-text sup {\n            font-size: 0.6em;\n        }\n        .btn-orange {\n            background-color: #f37021;\n            color: white;\n            border: none;\n            transition: background-color 0.3s ease;\n        }\n        .btn-orange:hover {\n            background-color: #d95d11;\n            color: white;\n        }\n        .stk-button {\n            display: inline-block;\n            background-color: #f37021;\n            color: white;\n            padding: 12px 24px;\n            font-size: 16px;\n            font-weight: 500;\n            text-decoration: none;\n            border-radius: 5px;\n            transition: background-color 0.3s ease, transform 0.2s ease;\n            cursor: pointer;\n            border: none;\n        }\n        .stk-button:hover,\n        .stk-button:focus {\n            background-color: #d95d11;\n            color: white;\n            text-decoration: none;\n            transform: translateY(-1px);\n        }\n        .stk-button__inner-text {\n            display: inline-block;\n        }\n    <\/style>\n<\/head>\n<body>\n<div class=\"container mt-5\">\n    <form id=\"warehouse-calculator\" novalidate action=\"\">\n        <div class=\"row\">\n            <div class=\"col-md-6\">\n                <!-- Transport Area -->\n                <div class=\"form-group\">\n                    <label for=\"dcAreaID\">Transportfl\u00e4che des Lagers, Distributionszentrums oder Produktion<\/label>\n                    <div class=\"input-group\">\n                        <input type=\"number\" id=\"dcAreaID\" name=\"surfaceDC\" class=\"form-control\" min=\"1000\" max=\"100000\" value=\"1500\" required \/>\n                        <span class=\"input-group-text\">m<sup>2<\/sup><\/span>\n                    <\/div>\n                <\/div>\n                <!-- Number of Transporters -->\n                <div class=\"form-group\">\n                    <label for=\"palletTransporterID\">Zahl aller elektrisch betriebenen Palettentransporter<\/label>\n                    <input type=\"number\" id=\"palletTransporterID\" name=\"palletTransporter\" class=\"form-control\" min=\"1\" max=\"999\" step=\"1\" value=\"20\" required \/>\n                <\/div>\n                <!-- Forklift Rental -->\n                <div class=\"form-group\">\n                    <label for=\"rentalForkliftBytYearID\">Durchschnittliche Miete eines Flurf\u00f6rderfahrzeugs pro Jahr<\/label>\n                    <div class=\"input-group\">\n                        <input type=\"number\" id=\"rentalForkliftBytYearID\" name=\"rentalForkliftPerYear\" class=\"form-control\" min=\"100\" max=\"100000\" value=\"15000\" required \/>\n                        <span class=\"input-group-text\">\u20ac<\/span>\n                    <\/div>\n                <\/div>\n                <!-- Average Shifts -->\n                <div class=\"form-group\">\n                    <label for=\"numberOfLayersID\">Durchschnittliche Anzahl Schichten<\/label>\n                    <input type=\"number\" id=\"numberOfLayersID\" name=\"numberOfLayers\" class=\"form-control\" min=\"0.5\" max=\"4\" step=\"0.1\" value=\"2\" required \/>\n                <\/div>\n            <\/div>\n\n            <div class=\"col-md-6\">\n                <!-- Personnel Costs -->\n                <div class=\"form-group\">\n                    <label for=\"forkliftDriverID\">Personalkosten Staplerfahrer pro Jahr<\/label>\n                    <div class=\"input-group\">\n                        <input type=\"number\" id=\"forkliftDriverID\" name=\"forkliftDriverPerYear\" class=\"form-control\" min=\"10000\" max=\"80000\" value=\"49000\" required \/>\n                        <span class=\"input-group-text\">\u20ac<\/span>\n                    <\/div>\n                <\/div>\n                <!-- Interest Rate -->\n                <div class=\"form-group\">\n                    <label for=\"financeInterestID\">Finanzierungszins<\/label>\n                    <div class=\"input-group\">\n                        <input type=\"number\" id=\"financeInterestID\" name=\"financingInterest\" class=\"form-control\" min=\"0.1\" max=\"20\" step=\"0.1\" value=\"4\" required \/>\n                        <span class=\"input-group-text\">%<\/span>\n                    <\/div>\n                <\/div>\n                <!-- Depreciation Period -->\n                <div class=\"form-group\">\n                    <label for=\"depreciationPeriodID\">Abschreibungsdauer Pixel PT<\/label>\n                    <div class=\"input-group\">\n                        <input type=\"number\" id=\"depreciationPeriodID\" name=\"depreciationPeriodLeanAIAGV\" class=\"form-control\" min=\"2\" max=\"20\" step=\"0.1\" value=\"10\" required \/>\n                        <span class=\"input-group-text\">Years<\/span>\n                    <\/div>\n                <\/div>\n                <!-- Email -->\n                <div class=\"form-group\">\n                    <label for=\"userEmailID\">Die Ergebnisse werden an Ihre Email geschickt:<\/label>\n                    <input type=\"email\" id=\"userEmailID\" name=\"email\" class=\"form-control\" placeholder=\"Ihre Email\" required \/>\n                <\/div>\n                <!-- Calculate Button -->\n                <div class=\"form-group mt-3\">\n                    <button type=\"submit\" class=\"stk-button\">\n                        <span class=\"stk-button__inner-text\">Calculate<\/span>\n                    <\/button>\n                <\/div>\n            <\/div>\n        <\/div>\n    <input type=\"hidden\" name=\"trp-form-language\" value=\"de\"\/><\/form>\n\n    <!-- Result container -->\n    <div id=\"result\" class=\"mt-4\"><\/div>\n<\/div>\n\n<script>\n    document.getElementById('warehouse-calculator').addEventListener('submit', function(e) {\n        e.preventDefault();\n\n        if (!this.checkValidity()) {\n            this.reportValidity();\n            return;\n        }\n\n        \/\/ \u0417\u0447\u0438\u0442\u0443\u0454\u043c\u043e \u0437\u043d\u0430\u0447\u0435\u043d\u043d\u044f\n        const surfaceDC = parseFloat(document.getElementById('dcAreaID').value);\n        const palletTransporter = parseInt(document.getElementById('palletTransporterID').value);\n        const rentalForkliftPerYear = parseFloat(document.getElementById('rentalForkliftBytYearID').value);\n        const numberOfLayers = parseFloat(document.getElementById('numberOfLayersID').value);\n        const forkliftDriverPerYear = parseFloat(document.getElementById('forkliftDriverID').value);\n        const financingInterest = parseFloat(document.getElementById('financeInterestID').value);\n        const depreciationPeriod = parseFloat(document.getElementById('depreciationPeriodID').value);\n        const email = document.getElementById('userEmailID').value;\n\n        \/\/ \u041f\u0440\u043e\u0441\u0442\u0430 \u0434\u0435\u043c\u043e\u043d\u0441\u0442\u0440\u0430\u0446\u0456\u044f \u0440\u043e\u0437\u0440\u0430\u0445\u0443\u043d\u043a\u0443: (\u0426\u0435 \u043f\u043e\u0442\u0440\u0456\u0431\u043d\u043e \u0437\u0430\u043c\u0456\u043d\u0438\u0442\u0438 \u043d\u0430 \u0432\u0430\u0448\u0443 \u0432\u043b\u0430\u0441\u043d\u0443 \u043b\u043e\u0433\u0456\u043a\u0443)\n        \/\/ \u041d\u0430\u043f\u0440\u0438\u043a\u043b\u0430\u0434, \u0440\u043e\u0437\u0440\u0430\u0445\u0443\u043d\u043e\u043a ROI \u044f\u043a:\n        \/\/ ROI = (\u0437\u0430\u0433\u0430\u043b\u044c\u043d\u0430 \u0435\u043a\u043e\u043d\u043e\u043c\u0456\u044f \u0432 \u0440\u0456\u043a) \/ (\u0456\u043d\u0432\u0435\u0441\u0442\u0438\u0446\u0456\u0457)\n        \/\/ \u041f\u0440\u0438\u043f\u0443\u0441\u0442\u0438\u043c\u043e:\n        \/\/ \u0406\u043d\u0432\u0435\u0441\u0442\u0438\u0446\u0456\u0457 = palletTransporter * rentalForkliftPerYear\n        \/\/ \u0415\u043a\u043e\u043d\u043e\u043c\u0456\u044f = forkliftDriverPerYear * numberOfLayers * 0.1 (\u044f\u043a\u0430\u0441\u044c \u0443\u043c\u043e\u0432\u043d\u0430 \u0444\u043e\u0440\u043c\u0443\u043b\u0430)\n\n        const investment = palletTransporter * rentalForkliftPerYear;\n        const savings = forkliftDriverPerYear * numberOfLayers * 0.1;\n        const roi = (savings \/ investment) * 100;\n\n        \/\/ \u0412\u0438\u0432\u0456\u0434 \u0440\u0435\u0437\u0443\u043b\u044c\u0442\u0430\u0442\u0443\n        const resultEl = document.getElementById('result');\n        resultEl.innerHTML = `\n            <div class=\"alert alert-info\">\n                <strong>Calculation complete!<\/strong><br>\n                Investment: \u20ac${investment.toFixed(2)}<br>\n                Estimated Annual Savings: \u20ac${savings.toFixed(2)}<br>\n                Estimated ROI: ${roi.toFixed(2)}%\n            <\/div>\n            <p>Results will be sent to <strong>${email}<\/strong>.<\/p>\n        `;\n\n        \/\/ \u0422\u0443\u0442 \u0432\u0438 \u043c\u043e\u0436\u0435\u0442\u0435 \u0434\u043e\u0434\u0430\u0442\u0438 AJAX-\u0432\u0456\u0434\u043f\u0440\u0430\u0432\u043a\u0443 \u0434\u0430\u043d\u0438\u0445 \u043d\u0430 \u0441\u0435\u0440\u0432\u0435\u0440, \u043d\u0430\u043f\u0440\u0438\u043a\u043b\u0430\u0434, \u0449\u043e\u0431 \u0432\u0456\u0434\u043f\u0440\u0430\u0432\u0438\u0442\u0438 \u0440\u0435\u0437\u0443\u043b\u044c\u0442\u0430\u0442\u0438 \u043d\u0430 email\n    });\n<\/script>\n\n<script src=\"https:\/\/cdn.jsdelivr.net\/npm\/bootstrap@5.3.0\/dist\/js\/bootstrap.bundle.min.js\"><\/script>\n<\/body>\n<\/html>\n\n\n\n\n<div class=\"wp-block-stackable-heading stk-block-heading stk-block-heading--v2 stk-block stk-3a33003\" id=\"automation-of-all-floor-to-floor-transports\" data-block-id=\"3a33003\"><style>.stk-3a33003 {margin-bottom:15px !important;}<\/style><h4 class=\"stk-block-heading__text\">Automatisierung aller Boden-Boden-Transporte<\/h4><\/div>\n\n\n\n<div class=\"wp-block-stackable-heading stk-block-heading stk-block-heading--v2 stk-block stk-398d155\" id=\"status-quo\" data-block-id=\"398d155\"><style>.stk-398d155 {margin-bottom:15px !important;}<\/style><h4 class=\"stk-block-heading__text\">Status Quo<\/h4><\/div>\n\n\n\n<!DOCTYPE html>\n<html lang=\"en\">\n<head>\n  <meta charset=\"UTF-8\">\n  <title>Status Quo &#038; Required Investments<\/title>\n  <link href=\"https:\/\/cdn.jsdelivr.net\/npm\/bootstrap@5.3.0\/dist\/css\/bootstrap.min.css\" rel=\"stylesheet\">\n  <style>\n    body {\n      font-family: 'Segoe UI', sans-serif;\n      background-color: #fff;\n      padding: 0px;\n    }\n    h4 {\n      font-weight: 500;\n      margin-top: 40px;\n      margin-bottom: 20px;\n    }\n    table {\n      width: 100%;\n      border-collapse: collapse;\n      margin-bottom: 40px;\n    }\n    th, td {\n      border: 1px solid #ddd;\n      padding: 12px;\n      vertical-align: middle;\n    }\n    th {\n      background-color: #f4f4f4;\n      font-weight: 600;\n    }\n    td:first-child {\n      font-weight: 500;\n    }\n    .section-title {\n      font-weight: 600;\n      margin-top: 40px;\n    }\n    .table-subheader {\n      background-color: #f4f4f4;\n      font-weight: 600;\n      text-align: left;\n    }\n    .total-row {\n      background-color: #f4f4f4;\n      font-weight: 700;\n    }\n  <\/style>\n<\/head>\n<body>\n\n  <table>\n    <tr>\n      <td>Ihre gesamten operativen Kosten vor der Investition betragen pro Jahr ca.<\/td>\n      <td><\/td>\n    <\/tr>\n    <tr>\n      <td>Ben\u00f6tigte Anzahl Pixel PT - Roboter<\/td>\n      <td><\/td>\n    <\/tr>\n  <\/table>\n\n  <h4>Erforderliche Investitionen<\/h4>\n  <table>\n    <tr>\n      <th colspan=\"2\" class=\"table-subheader\">Infrastruktur<\/th>\n    <\/tr>\n    <tr>\n      <td>Anzahl Erfassungseinheiten<\/td>\n      <td><\/td>\n    <\/tr>\n    <tr>\n      <td>Gesamtkosten Erfassungseinheiten<\/td>\n      <td><\/td>\n    <\/tr>\n    <tr>\n      <td>Zubeh\u00f6r: Kabel, Switches, Installation etc.<\/td>\n      <td><\/td>\n    <\/tr>\n    <tr>\n      <th colspan=\"2\" class=\"table-subheader\">Roboter<\/th>\n    <\/tr>\n    <tr>\n      <td>Hardware-Kosten Pixel PTs<\/td>\n      <td><\/td>\n    <\/tr>\n    <tr>\n      <td>Software-Kosten Pixel PTs<\/td>\n      <td><\/td>\n    <\/tr>\n    <tr>\n      <td>Projektkosten<\/td>\n      <td><\/td>\n    <\/tr>\n    <tr class=\"total-row\">\n      <td>Gesamtkosten Projekt<\/td>\n      <td><\/td>\n    <\/tr>\n  <\/table>\n\n<h4>J\u00e4hrliche Kosten<\/h4>\n  <table>\n    <tr>\n      <th colspan=\"2\" class=\"table-subheader\">Kapitalkosten pro Jahr<\/th>\n    <\/tr>\n    <tr>\n      <td>Abschreibung Projekt pro Jahr<\/td>\n      <td><\/td>\n    <\/tr>\n    <tr>\n      <td>Wartung &amp; Instandhaltung Pixel PTs pro Jahr<\/td>\n      <td><\/td>\n    <\/tr>\n    <tr>\n      <td>Softwarewartung pro Jahr<\/td>\n      <td><\/td>\n    <\/tr>\n    <tr>\n      <th colspan=\"2\" class=\"table-subheader\">Ihre operativen Kosten nach der Investition betragen pro Jahr ca.<\/th>\n    <\/tr>\n    <tr class=\"total-row\">\n      <td>J\u00e4hrliche Kostenreduktion<\/td>\n      <td><\/td>\n    <\/tr>\n  <\/table>\n\n\n<\/body>\n<\/html>\n\n\n\n<p><\/p>","protected":false},"excerpt":{"rendered":"<p>Artificial Intelligence and Computer Vision enable new, revolutionary solutions. Calculate how your company can automate its logistics with autonomous mobile robots. In this example calculation, we focus on pallet handling. Today&#8217;s manually operated forklifts can be successively replaced by the fully autonomous Pixel PT transport robot. The integrated fleet management and various optimization algorithms support [&hellip;]<\/p>","protected":false},"author":1,"featured_media":0,"parent":0,"menu_order":0,"comment_status":"closed","ping_status":"closed","template":"","meta":{"footnotes":""},"class_list":["post-346","page","type-page","status-publish","hentry"],"blocksy_meta":[],"_links":{"self":[{"href":"https:\/\/pixel-robotics.eu\/de\/wp-json\/wp\/v2\/pages\/346","targetHints":{"allow":["GET"]}}],"collection":[{"href":"https:\/\/pixel-robotics.eu\/de\/wp-json\/wp\/v2\/pages"}],"about":[{"href":"https:\/\/pixel-robotics.eu\/de\/wp-json\/wp\/v2\/types\/page"}],"author":[{"embeddable":true,"href":"https:\/\/pixel-robotics.eu\/de\/wp-json\/wp\/v2\/users\/1"}],"replies":[{"embeddable":true,"href":"https:\/\/pixel-robotics.eu\/de\/wp-json\/wp\/v2\/comments?post=346"}],"version-history":[{"count":57,"href":"https:\/\/pixel-robotics.eu\/de\/wp-json\/wp\/v2\/pages\/346\/revisions"}],"predecessor-version":[{"id":1284,"href":"https:\/\/pixel-robotics.eu\/de\/wp-json\/wp\/v2\/pages\/346\/revisions\/1284"}],"wp:attachment":[{"href":"https:\/\/pixel-robotics.eu\/de\/wp-json\/wp\/v2\/media?parent=346"}],"curies":[{"name":"wp","href":"https:\/\/api.w.org\/{rel}","templated":true}]}}