{"id":3927,"date":"2026-03-20T13:35:40","date_gmt":"2026-03-20T13:35:40","guid":{"rendered":"https:\/\/pixel-robotics.eu\/?page_id=3927"},"modified":"2026-03-20T14:12:18","modified_gmt":"2026-03-20T14:12:18","slug":"video-portal","status":"publish","type":"page","link":"https:\/\/pixel-robotics.eu\/de\/video-portal\/","title":{"rendered":"video portal"},"content":{"rendered":"<div class=\"wp-block-stackable-text stk-block-text stk-block stk-6750feb stk-block-background\" data-block-id=\"6750feb\"><style>.stk-6750feb {background-color:var(--theme-palette-color-8, #ffffff) !important;margin-top:-115px !important;margin-bottom:0px !important;}.stk-6750feb:before{background-color:var(--theme-palette-color-8, #ffffff) !important;}.stk-6750feb .stk-block-text__text{font-size:20px !important;color:#291f1e !important;font-family:\"Poppins\", Sans-serif !important;}@media screen and (max-width:999px){.stk-6750feb {margin-bottom:15px !important;}.stk-6750feb .stk-block-text__text{font-size:20px !important;}}@media screen and (max-width:689px){.stk-6750feb {margin-top:-105px !important;margin-left:15px !important;}}<\/style><p class=\"stk-block-text__text has-text-color\">In unserem Downloadportal finden Sie einen umfassenden \u00dcberblick \u00fcber unsere L\u00f6sungen:<\/p><\/div>\n\n\n\n<div class=\"wp-block-stackable-feature-grid stk-block-feature-grid stk-block-columns stk-block stk-c25a7de is-style-default\" data-block-id=\"c25a7de\"><style>.stk-c25a7de {margin-bottom:10px !important;}<\/style><div class=\"stk-row stk-inner-blocks stk-block-content stk-content-align stk-c25a7de-column\">\n<div class=\"wp-block-stackable-column stk-block-column stk-column stk-block stk-0c01187 stk-block-background\" data-v=\"4\" id=\"pixel-pt-ai-powered-pallet-transporter-for-rough-environments-at-logi-mat-2025\" data-block-id=\"0c01187\"><style>.stk-0c01187 {align-self:stretch !important;background-color:#ffffff !important;padding-top:var(--stk--preset--spacing--none, 0px) !important;padding-right:var(--stk--preset--spacing--none, 0px) !important;padding-bottom:var(--stk--preset--spacing--none, 0px) !important;padding-left:var(--stk--preset--spacing--none, 0px) !important;margin-left:var(--stk--preset--spacing--none, 0px) !important;}.stk-0c01187:before{background-color:#ffffff !important;}.stk-0c01187-container{padding-top:15px !important;padding-right:15px !important;padding-bottom:15px !important;padding-left:15px !important;}<\/style><div class=\"stk-column-wrapper stk-block-column__content stk-container stk-0c01187-container stk-hover-parent\"><div class=\"has-text-align-center stk-block-content stk-inner-blocks stk-0c01187-inner-blocks\">\n<div class=\"wp-block-stackable-image stk-block-image has-text-align-center stk-block stk-023b7f6\" data-block-id=\"023b7f6\"><style>.stk-023b7f6 {border-top-left-radius:6px !important;border-top-right-radius:6px !important;border-bottom-right-radius:6px !important;border-bottom-left-radius:6px !important;overflow:hidden !important;align-items:center !important;margin-right:auto !important;margin-left:auto !important;display:flex !important;}.stk-023b7f6 .stk-img-wrapper{width:100% !important;height:250px !important;}<\/style><figure><span class=\"stk-img-wrapper stk-image--shape-stretch\"><img loading=\"lazy\" decoding=\"async\" class=\"stk-img wp-image-3990\" src=\"https:\/\/pixel-robotics.eu\/wp-content\/uploads\/2026\/03\/pdf-image-01-1.png\" width=\"1420\" height=\"897\" srcset=\"https:\/\/pixel-robotics.eu\/wp-content\/uploads\/2026\/03\/pdf-image-01-1.png 1420w, https:\/\/pixel-robotics.eu\/wp-content\/uploads\/2026\/03\/pdf-image-01-1-300x190.png 300w, https:\/\/pixel-robotics.eu\/wp-content\/uploads\/2026\/03\/pdf-image-01-1-1024x647.png 1024w, https:\/\/pixel-robotics.eu\/wp-content\/uploads\/2026\/03\/pdf-image-01-1-768x485.png 768w, https:\/\/pixel-robotics.eu\/wp-content\/uploads\/2026\/03\/pdf-image-01-1-18x12.png 18w\" sizes=\"auto, (max-width: 1420px) 100vw, 1420px\" \/><\/span><\/figure><\/div>\n\n\n\n<div class=\"wp-block-stackable-heading stk-block-heading stk-block-heading--v2 stk-block stk-b71a1c9\" id=\"strong-amr-pixel-pt-amp-logivations-w-2-mo-strong\" data-block-id=\"b71a1c9\"><style>.stk-b71a1c9 {margin-bottom:50px !important;}.stk-b71a1c9 .stk-block-heading__text{font-size:18px !important;color:#291f1e !important;line-height:1.25em !important;font-weight:700 !important;}@media screen and (max-width:999px){.stk-b71a1c9 .stk-block-heading__text{font-size:18px !important;}}<\/style><h4 class=\"stk-block-heading__text has-text-color has-text-align-left\"><strong>AMR Pixel PT &amp; Logivations W2MO<\/strong><\/h4><\/div>\n\n\n\n\n\n<\/p>\n\n\n\n<div class=\"wp-block-stackable-button-group stk-block-button-group stk-block stk-8ee3a1f\" data-block-id=\"8ee3a1f\"><style>.stk-8ee3a1f {margin-bottom:0px !important;}<\/style><div class=\"stk-row stk-inner-blocks has-text-align-right stk-block-content stk-button-group\">\n<div class=\"wp-block-stackable-button stk-block-button is-style-plain stk-block stk-d41edb6\" data-block-id=\"d41edb6\"><style>.stk-d41edb6 .stk-button{padding-right:var(--stk--preset--spacing--60, 2.25rem) !important;padding-left:var(--stk--preset--spacing--60, 2.25rem) !important;background:#e25303 !important;}.stk-d41edb6 .stk-button:hover:after{background:transparent !important;opacity:1 !important;}:where(.stk-hover-parent:hover,  .stk-hover-parent.stk--is-hovered) .stk-d41edb6 .stk-button:after{background:transparent !important;opacity:1 !important;}.stk-d41edb6 .stk-button:before{border-color:#e25303 !important;border-top-width:0px !important;border-right-width:0px !important;border-bottom-width:0px !important;border-left-width:0px !important;}.stk-d41edb6 .stk-button .stk--inner-svg svg:last-child, .stk-d41edb6 .stk-button .stk--inner-svg svg:last-child :is(g, path, rect, polygon, ellipse){fill:#e25303 !important;}.stk-d41edb6 .stk-button__inner-text{color:#fffffe !important;}<\/style><a class=\"stk-link stk-button stk--hover-effect-darken\" href=\"https:\/\/calc.pixel-robotics.eu\/pdf\/pdf-presentations\/DE_AMR_Pixel_PT_Lv_Complete.pdf\"><span class=\"has-text-color stk-button__inner-text\">Ansehen<\/span><\/a><\/div>\n<\/div><\/div>\n\n\n<p>\n<\/div><\/div><\/div>\n\n\n\n<div class=\"wp-block-stackable-column stk-block-column stk-column stk-block stk-1690e38 stk-block-background\" data-v=\"4\" id=\"pixel-pt-ai-powered-pallet-transporter-for-rough-environments-at-logi-mat-2025\" data-block-id=\"1690e38\"><style>.stk-1690e38 {align-self:stretch !important;background-color:#ffffff !important;padding-top:var(--stk--preset--spacing--none, 0px) !important;padding-right:var(--stk--preset--spacing--none, 0px) !important;padding-bottom:var(--stk--preset--spacing--none, 0px) !important;padding-left:var(--stk--preset--spacing--none, 0px) !important;margin-left:var(--stk--preset--spacing--none, 0px) !important;}.stk-1690e38:before{background-color:#ffffff !important;}.stk-1690e38-container{padding-top:15px !important;padding-right:15px !important;padding-bottom:15px !important;padding-left:15px !important;}<\/style><div class=\"stk-column-wrapper stk-block-column__content stk-container stk-1690e38-container stk-hover-parent\"><div class=\"has-text-align-center stk-block-content stk-inner-blocks stk-1690e38-inner-blocks\">\n<div class=\"wp-block-stackable-image stk-block-image has-text-align-center stk-block stk-7cdaaa6\" data-block-id=\"7cdaaa6\"><style>.stk-7cdaaa6 {border-top-left-radius:6px !important;border-top-right-radius:6px !important;border-bottom-right-radius:6px !important;border-bottom-left-radius:6px !important;overflow:hidden !important;align-items:center !important;max-width:400px !important;min-width:auto !important;margin-right:auto !important;margin-left:auto !important;display:flex !important;}.stk-7cdaaa6 .stk-img-wrapper{height:250px !important;}<\/style><figure><span class=\"stk-img-wrapper stk-image--shape-stretch\"><img loading=\"lazy\" decoding=\"async\" class=\"stk-img wp-image-3929\" src=\"https:\/\/pixel-robotics.eu\/wp-content\/uploads\/2026\/03\/ML.jpg\" width=\"1920\" height=\"1080\" srcset=\"https:\/\/pixel-robotics.eu\/wp-content\/uploads\/2026\/03\/ML.jpg 1920w, https:\/\/pixel-robotics.eu\/wp-content\/uploads\/2026\/03\/ML-300x169.jpg 300w, https:\/\/pixel-robotics.eu\/wp-content\/uploads\/2026\/03\/ML-1024x576.jpg 1024w, https:\/\/pixel-robotics.eu\/wp-content\/uploads\/2026\/03\/ML-768x432.jpg 768w, https:\/\/pixel-robotics.eu\/wp-content\/uploads\/2026\/03\/ML-1536x864.jpg 1536w, https:\/\/pixel-robotics.eu\/wp-content\/uploads\/2026\/03\/ML-18x10.jpg 18w\" sizes=\"auto, (max-width: 1920px) 100vw, 1920px\" \/><\/span><\/figure><\/div>\n\n\n\n<div class=\"wp-block-stackable-heading stk-block-heading stk-block-heading--v2 stk-block stk-6c0fef5\" id=\"strong-the-real-time-digital-twin-object-recognition-scan-free-logistics-rtl-amp-rs-strong\" data-block-id=\"6c0fef5\"><style>.stk-6c0fef5 {margin-bottom:30px !important;}.stk-6c0fef5 .stk-block-heading__text{font-size:18px !important;color:#291f1e !important;line-height:1.25em !important;font-weight:700 !important;}@media screen and (max-width:999px){.stk-6c0fef5 .stk-block-heading__text{font-size:18px !important;}}<\/style><h4 class=\"stk-block-heading__text has-text-color has-text-align-left\"><strong>Der digitale Echtzeit-Zwilling: Objekterkennung, Scanner-freie Logistik, RTL&amp;RS<\/strong><\/h4><\/div>\n\n\n\n\n\n<\/p>\n\n\n\n<div class=\"wp-block-stackable-button-group stk-block-button-group stk-block stk-8dff4fc\" data-block-id=\"8dff4fc\"><style>.stk-8dff4fc {margin-bottom:0px !important;}<\/style><div class=\"stk-row stk-inner-blocks has-text-align-right stk-block-content stk-button-group\">\n<div class=\"wp-block-stackable-button stk-block-button is-style-plain stk-block stk-5d8ea19\" data-block-id=\"5d8ea19\"><style>.stk-5d8ea19 {margin-top:-24px !important;}.stk-5d8ea19 .stk-button{padding-right:var(--stk--preset--spacing--60, 2.25rem) !important;padding-left:var(--stk--preset--spacing--60, 2.25rem) !important;background:#e25303 !important;}.stk-5d8ea19 .stk-button:hover:after{background:transparent !important;opacity:1 !important;}:where(.stk-hover-parent:hover,  .stk-hover-parent.stk--is-hovered) .stk-5d8ea19 .stk-button:after{background:transparent !important;opacity:1 !important;}.stk-5d8ea19 .stk-button:before{border-color:#e25303 !important;border-top-width:0px !important;border-right-width:0px !important;border-bottom-width:0px !important;border-left-width:0px !important;}.stk-5d8ea19 .stk-button .stk--inner-svg svg:last-child, .stk-5d8ea19 .stk-button .stk--inner-svg svg:last-child :is(g, path, rect, polygon, ellipse){fill:#e25303 !important;}.stk-5d8ea19 .stk-button__inner-text{color:#fffffe !important;}<\/style><a class=\"stk-link stk-button stk--hover-effect-darken\" href=\"https:\/\/calc.pixel-robotics.eu\/pdf\/pdf-presentations\/DE_ML_ScannerFrei_Tracking.pdf\"><span class=\"has-text-color stk-button__inner-text\">Ansehen<\/span><\/a><\/div>\n<\/div><\/div>\n\n\n<p>\n<\/div><\/div><\/div>\n\n\n\n<div class=\"wp-block-stackable-column stk-block-column stk-column stk-block stk-dc588fc stk-block-background\" data-v=\"4\" id=\"pixel-pt-ai-powered-pallet-transporter-for-rough-environments-at-logi-mat-2025\" data-block-id=\"dc588fc\"><style>.stk-dc588fc {align-self:stretch !important;background-color:#ffffff !important;padding-top:var(--stk--preset--spacing--none, 0px) !important;padding-right:var(--stk--preset--spacing--none, 0px) !important;padding-bottom:var(--stk--preset--spacing--none, 0px) !important;padding-left:var(--stk--preset--spacing--none, 0px) !important;margin-left:var(--stk--preset--spacing--none, 0px) !important;}.stk-dc588fc:before{background-color:#ffffff !important;}.stk-dc588fc-container{padding-top:15px !important;padding-right:15px !important;padding-bottom:15px !important;padding-left:15px !important;}<\/style><div class=\"stk-column-wrapper stk-block-column__content stk-container stk-dc588fc-container stk-hover-parent\"><div class=\"has-text-align-center stk-block-content stk-inner-blocks stk-dc588fc-inner-blocks\">\n<div class=\"wp-block-stackable-image stk-block-image has-text-align-center stk-block stk-184999d\" data-block-id=\"184999d\"><style>.stk-184999d {border-top-left-radius:6px !important;border-top-right-radius:6px !important;border-bottom-right-radius:6px !important;border-bottom-left-radius:6px !important;overflow:hidden !important;align-items:center !important;max-width:400px !important;min-width:auto !important;margin-right:auto !important;margin-left:auto !important;display:flex !important;}.stk-184999d .stk-img-wrapper{height:250px !important;}<\/style><figure><span class=\"stk-img-wrapper stk-image--shape-stretch\"><img loading=\"lazy\" decoding=\"async\" class=\"stk-img wp-image-3995\" src=\"https:\/\/pixel-robotics.eu\/wp-content\/uploads\/2026\/03\/Datasheet-1.png\" width=\"653\" height=\"419\" srcset=\"https:\/\/pixel-robotics.eu\/wp-content\/uploads\/2026\/03\/Datasheet-1.png 653w, https:\/\/pixel-robotics.eu\/wp-content\/uploads\/2026\/03\/Datasheet-1-300x192.png 300w, https:\/\/pixel-robotics.eu\/wp-content\/uploads\/2026\/03\/Datasheet-1-18x12.png 18w\" sizes=\"auto, (max-width: 653px) 100vw, 653px\" \/><\/span><\/figure><\/div>\n\n\n\n<div class=\"wp-block-stackable-heading stk-block-heading stk-block-heading--v2 stk-block stk-63cdbaa\" id=\"strong-amr-datasheet-strong\" data-block-id=\"63cdbaa\"><style>.stk-63cdbaa {margin-bottom:50px !important;}.stk-63cdbaa .stk-block-heading__text{font-size:18px !important;color:#291f1e !important;line-height:1.25em !important;font-weight:700 !important;}@media screen and (max-width:999px){.stk-63cdbaa .stk-block-heading__text{font-size:18px !important;}}<\/style><h4 class=\"stk-block-heading__text has-text-color has-text-align-left\"><strong>AMR Datasheet<\/strong><\/h4><\/div>\n\n\n\n\n\n<\/p>\n\n\n\n<div class=\"wp-block-stackable-button-group stk-block-button-group stk-block stk-eed5c23\" data-block-id=\"eed5c23\"><style>.stk-eed5c23 {margin-bottom:0px !important;}<\/style><div class=\"stk-row stk-inner-blocks has-text-align-right stk-block-content stk-button-group\">\n<div class=\"wp-block-stackable-button stk-block-button is-style-plain stk-block stk-d2aad64\" data-block-id=\"d2aad64\"><style>.stk-d2aad64 .stk-button{padding-right:var(--stk--preset--spacing--60, 2.25rem) !important;padding-left:var(--stk--preset--spacing--60, 2.25rem) !important;background:#e25303 !important;}.stk-d2aad64 .stk-button:hover:after{background:transparent !important;opacity:1 !important;}:where(.stk-hover-parent:hover,  .stk-hover-parent.stk--is-hovered) .stk-d2aad64 .stk-button:after{background:transparent !important;opacity:1 !important;}.stk-d2aad64 .stk-button:before{border-color:#e25303 !important;border-top-width:0px !important;border-right-width:0px !important;border-bottom-width:0px !important;border-left-width:0px !important;}.stk-d2aad64 .stk-button .stk--inner-svg svg:last-child, .stk-d2aad64 .stk-button .stk--inner-svg svg:last-child :is(g, path, rect, polygon, ellipse){fill:#e25303 !important;}.stk-d2aad64 .stk-button__inner-text{color:#fffffe !important;}<\/style><a class=\"stk-link stk-button stk--hover-effect-darken\" href=\"https:\/\/calc.pixel-robotics.eu\/pdf\/pdf-presentations\/DE_AMR_Datasheet.pdf\"><span class=\"has-text-color stk-button__inner-text\">Ansehen<\/span><\/a><\/div>\n<\/div><\/div>\n\n\n<p>\n<\/div><\/div><\/div>\n<\/div><\/div>\n\n\n\n<div class=\"wp-block-stackable-feature-grid stk-block-feature-grid stk-block-columns stk-block stk-a9a303f is-style-default\" data-block-id=\"a9a303f\"><style>.stk-a9a303f {margin-bottom:10px !important;}<\/style><div class=\"stk-row stk-inner-blocks stk-block-content stk-content-align stk-a9a303f-column\">\n<div class=\"wp-block-stackable-column stk-block-column stk-column stk-block stk-bcbfd37 stk-block-background\" data-v=\"4\" id=\"pixel-pt-ai-powered-pallet-transporter-for-rough-environments-at-logi-mat-2025\" data-block-id=\"bcbfd37\"><style>.stk-bcbfd37 {align-self:stretch !important;background-color:#ffffff !important;padding-top:var(--stk--preset--spacing--none, 0px) !important;padding-right:var(--stk--preset--spacing--none, 0px) !important;padding-bottom:var(--stk--preset--spacing--none, 0px) !important;padding-left:var(--stk--preset--spacing--none, 0px) !important;margin-left:var(--stk--preset--spacing--none, 0px) !important;}.stk-bcbfd37:before{background-color:#ffffff !important;}.stk-bcbfd37-container{padding-top:15px !important;padding-right:15px !important;padding-bottom:15px !important;padding-left:15px !important;}<\/style><div class=\"stk-column-wrapper stk-block-column__content stk-container stk-bcbfd37-container stk-hover-parent\"><div class=\"has-text-align-center stk-block-content stk-inner-blocks stk-bcbfd37-inner-blocks\">\n<div class=\"wp-block-stackable-image stk-block-image has-text-align-center stk-block stk-ce06808\" data-block-id=\"ce06808\"><style>.stk-ce06808 {border-top-left-radius:6px !important;border-top-right-radius:6px !important;border-bottom-right-radius:6px !important;border-bottom-left-radius:6px !important;overflow:hidden !important;align-items:center !important;max-width:400px !important;min-width:auto !important;margin-right:auto !important;margin-left:auto !important;display:flex !important;}.stk-ce06808 .stk-img-wrapper{height:250px !important;}<\/style><figure><span class=\"stk-img-wrapper stk-image--shape-stretch\"><img loading=\"lazy\" decoding=\"async\" class=\"stk-img wp-image-4008\" src=\"https:\/\/pixel-robotics.eu\/wp-content\/uploads\/2026\/03\/MT_IT-1.png\" width=\"983\" height=\"626\" srcset=\"https:\/\/pixel-robotics.eu\/wp-content\/uploads\/2026\/03\/MT_IT-1.png 983w, https:\/\/pixel-robotics.eu\/wp-content\/uploads\/2026\/03\/MT_IT-1-300x191.png 300w, https:\/\/pixel-robotics.eu\/wp-content\/uploads\/2026\/03\/MT_IT-1-768x489.png 768w, https:\/\/pixel-robotics.eu\/wp-content\/uploads\/2026\/03\/MT_IT-1-18x12.png 18w\" sizes=\"auto, (max-width: 983px) 100vw, 983px\" \/><\/span><\/figure><\/div>\n\n\n\n<div class=\"wp-block-stackable-heading stk-block-heading stk-block-heading--v2 stk-block stk-f7341f1\" id=\"strong-it-customer-magazine-meier-tobler-strong\" data-block-id=\"f7341f1\"><style>.stk-f7341f1 {margin-bottom:50px !important;}.stk-f7341f1 .stk-block-heading__text{font-size:18px !important;color:#291f1e !important;line-height:1.25em !important;font-weight:700 !important;}@media screen and (max-width:999px){.stk-f7341f1 .stk-block-heading__text{font-size:18px !important;}}<\/style><h4 class=\"stk-block-heading__text has-text-color has-text-align-left\"><strong>Kundenmagazin Meier Tobler<\/strong><\/h4><\/div>\n\n\n\n\n\n<\/p>\n\n\n\n<div class=\"wp-block-stackable-button-group stk-block-button-group stk-block stk-2e57ced\" data-block-id=\"2e57ced\"><style>.stk-2e57ced {margin-bottom:0px !important;}<\/style><div class=\"stk-row stk-inner-blocks has-text-align-right stk-block-content stk-button-group\">\n<div class=\"wp-block-stackable-button stk-block-button is-style-plain stk-block stk-57a32ad\" data-block-id=\"57a32ad\"><style>.stk-57a32ad {margin-top:-20px !important;}.stk-57a32ad .stk-button{padding-right:var(--stk--preset--spacing--60, 2.25rem) !important;padding-left:var(--stk--preset--spacing--60, 2.25rem) !important;background:#e25303 !important;}.stk-57a32ad .stk-button:hover:after{background:transparent !important;opacity:1 !important;}:where(.stk-hover-parent:hover,  .stk-hover-parent.stk--is-hovered) .stk-57a32ad .stk-button:after{background:transparent !important;opacity:1 !important;}.stk-57a32ad .stk-button:before{border-color:#e25303 !important;border-top-width:0px !important;border-right-width:0px !important;border-bottom-width:0px !important;border-left-width:0px !important;}.stk-57a32ad .stk-button .stk--inner-svg svg:last-child, .stk-57a32ad .stk-button .stk--inner-svg svg:last-child :is(g, path, rect, polygon, ellipse){fill:#e25303 !important;}.stk-57a32ad .stk-button__inner-text{color:#fffffe !important;}<\/style><a class=\"stk-link stk-button stk--hover-effect-darken\" href=\"https:\/\/calc.pixel-robotics.eu\/pdf\/pdf-presentations\/Kundenmagazin_M%C3%A4rz_2023.pdf\"><span class=\"has-text-color stk-button__inner-text\">Ansehen<\/span><\/a><\/div>\n<\/div><\/div>\n\n\n<p>\n<\/div><\/div><\/div>\n\n\n\n<div class=\"wp-block-stackable-column stk-block-column stk-column stk-block stk-a3c3a19 stk-block-background\" data-v=\"4\" id=\"pixel-pt-ai-powered-pallet-transporter-for-rough-environments-at-logi-mat-2025\" data-block-id=\"a3c3a19\"><style>.stk-a3c3a19 {align-self:stretch !important;background-color:#ffffff !important;padding-top:var(--stk--preset--spacing--none, 0px) !important;padding-right:var(--stk--preset--spacing--none, 0px) !important;padding-bottom:var(--stk--preset--spacing--none, 0px) !important;padding-left:var(--stk--preset--spacing--none, 0px) !important;margin-left:var(--stk--preset--spacing--none, 0px) !important;}.stk-a3c3a19:before{background-color:#ffffff !important;}.stk-a3c3a19-container{padding-top:15px !important;padding-right:15px !important;padding-bottom:15px !important;padding-left:15px !important;}<\/style><div class=\"stk-column-wrapper stk-block-column__content stk-container stk-a3c3a19-container stk-hover-parent\"><div class=\"has-text-align-center stk-block-content stk-inner-blocks stk-a3c3a19-inner-blocks\">\n<\/div><\/div><\/div>\n\n\n\n<div class=\"wp-block-stackable-column stk-block-column stk-column stk-block stk-6f13fff\" data-v=\"4\" id=\"pixel-pt-ai-powered-pallet-transporter-for-rough-environments-at-logi-mat-2025\" data-block-id=\"6f13fff\"><style>.stk-6f13fff {align-self:stretch !important;padding-top:var(--stk--preset--spacing--none, 0px) !important;padding-right:var(--stk--preset--spacing--none, 0px) !important;padding-bottom:var(--stk--preset--spacing--none, 0px) !important;padding-left:var(--stk--preset--spacing--none, 0px) !important;margin-left:var(--stk--preset--spacing--none, 0px) !important;}.stk-6f13fff-container{background-color:#fafbfc !important;padding-top:15px !important;padding-right:15px !important;padding-bottom:15px !important;padding-left:15px !important;}.stk-6f13fff-container:before{background-color:#fafbfc !important;}<\/style><div class=\"stk-column-wrapper stk-block-column__content stk-container stk-6f13fff-container stk-hover-parent\"><div class=\"has-text-align-center stk-block-content stk-inner-blocks stk-6f13fff-inner-blocks\"><\/div><\/div><\/div>\n<\/div><\/div>","protected":false},"excerpt":{"rendered":"<p>Our download portal provides a comprehensive overview of our solutions: AMR Pixel PT &amp; Logivations W2MO The Real-Time Digital Twin: Object recognition, scan-free Logistics, RTL&amp;RS AMR Datasheet IT: Customer Magazine Meier Tobler<\/p>","protected":false},"author":1,"featured_media":0,"parent":0,"menu_order":0,"comment_status":"closed","ping_status":"closed","template":"","meta":{"footnotes":""},"class_list":["post-3927","page","type-page","status-publish","hentry"],"blocksy_meta":[],"_links":{"self":[{"href":"https:\/\/pixel-robotics.eu\/de\/wp-json\/wp\/v2\/pages\/3927","targetHints":{"allow":["GET"]}}],"collection":[{"href":"https:\/\/pixel-robotics.eu\/de\/wp-json\/wp\/v2\/pages"}],"about":[{"href":"https:\/\/pixel-robotics.eu\/de\/wp-json\/wp\/v2\/types\/page"}],"author":[{"embeddable":true,"href":"https:\/\/pixel-robotics.eu\/de\/wp-json\/wp\/v2\/users\/1"}],"replies":[{"embeddable":true,"href":"https:\/\/pixel-robotics.eu\/de\/wp-json\/wp\/v2\/comments?post=3927"}],"version-history":[{"count":89,"href":"https:\/\/pixel-robotics.eu\/de\/wp-json\/wp\/v2\/pages\/3927\/revisions"}],"predecessor-version":[{"id":4028,"href":"https:\/\/pixel-robotics.eu\/de\/wp-json\/wp\/v2\/pages\/3927\/revisions\/4028"}],"wp:attachment":[{"href":"https:\/\/pixel-robotics.eu\/de\/wp-json\/wp\/v2\/media?parent=3927"}],"curies":[{"name":"wp","href":"https:\/\/api.w.org\/{rel}","templated":true}]}}